{"id":87,"date":"2018-12-10T16:15:44","date_gmt":"2018-12-10T15:15:44","guid":{"rendered":"http:\/\/salentinerandernach.de\/wp\/?page_id=87"},"modified":"2023-05-03T07:27:36","modified_gmt":"2023-05-03T05:27:36","slug":"das-salentiner-stipendium","status":"publish","type":"page","link":"https:\/\/salentinerandernach.de\/wp\/das-salentiner-stipendium\/","title":{"rendered":"SALENTINER-Stipendium"},"content":{"rendered":"\n<p class=\"has-medium-font-size\"><br><em>Mit einem Stipendium in H\u00f6he von 1.000 Euro sollen ab dem Schuljahr 2017\/18 bis zu drei besonders begabte und engagierte Sch\u00fclerinnen und Sch\u00fcler bei der Anschaffung lernbegleitender Materialien unterst\u00fctzt werden. \u00dcber die Vergabe entscheiden Vorstand und Schulleitung gemeinsam.<\/em><\/p>\n\n\n\n<p><strong>SALENTINER-Stipendium f\u00fcr herausragende Leistungen<\/strong><\/p>\n\n\n\n<p>Die Vereinigung DIE SALENTINER e.V. f\u00f6rdert j\u00e4hrlich Sch\u00fclerinnen und Sch\u00fcler, die sich durch besondere schulische Leistungen und au\u00dferunterrichtliches Engagement ausgezeichnet haben. Der Auswahlkommission, bestehend aus Frau Birgit Vogel (Schulleiterin), Herrn Michael Lazarou (MSS-Leiter) und Herrn Gerd Schumann (Vorsitzender der SALENTINER) lagen in diesem Jahr drei Bewerbungen vor. Besondere Anerkennung wurde Julika Ruppert (MSS 11) zuteil, die die Jury neben ihren durchweg sehr guten Schulnoten auch mit ihrem vielf\u00e4ltigen Einsatz f\u00fcr die Schulgemeinschaft zu \u00fcberzeugen wusste. Auch Tim Langenbahn und Yangfan Zhang (beide MSS 12) beeindruckten insbesondere mit ihren schulischen Leistungen. Alle drei Bewerber erhielten hohe Geldpreise zur Beschaffung von iPads.<\/p>\n\n\n\n<figure class=\"wp-block-image size-large is-style-default\"><img decoding=\"async\" src=\"https:\/\/salentinerandernach.de\/wp\/wp-content\/uploads\/2023\/05\/20230427_105156-scaled-e1683091490799.jpg\" alt=\"\"\/><\/figure>\n\n\n\n<p>Foto (v.l.n.r.): Michael Lazarou, Yangfan Zhan, Julika Ruppert, Tim Langenbahn, Birgit Vogel, Gerd Schumann<\/p>\n","protected":false},"excerpt":{"rendered":"<p>Mit einem Stipendium in H\u00f6he von 1.000 Euro sollen ab dem Schuljahr 2017\/18 bis zu drei besonders begabte und engagierte Sch\u00fclerinnen und Sch\u00fcler bei der Anschaffung lernbegleitender Materialien unterst\u00fctzt werden. \u00dcber die Vergabe entscheiden Vorstand und Schulleitung gemeinsam. SALENTINER-Stipendium f\u00fcr<\/p>\n","protected":false},"author":1,"featured_media":0,"parent":0,"menu_order":0,"comment_status":"closed","ping_status":"open","template":"","meta":{"footnotes":""},"class_list":["post-87","page","type-page","status-publish","hentry"],"_links":{"self":[{"href":"https:\/\/salentinerandernach.de\/wp\/wp-json\/wp\/v2\/pages\/87","targetHints":{"allow":["GET"]}}],"collection":[{"href":"https:\/\/salentinerandernach.de\/wp\/wp-json\/wp\/v2\/pages"}],"about":[{"href":"https:\/\/salentinerandernach.de\/wp\/wp-json\/wp\/v2\/types\/page"}],"author":[{"embeddable":true,"href":"https:\/\/salentinerandernach.de\/wp\/wp-json\/wp\/v2\/users\/1"}],"replies":[{"embeddable":true,"href":"https:\/\/salentinerandernach.de\/wp\/wp-json\/wp\/v2\/comments?post=87"}],"version-history":[{"count":14,"href":"https:\/\/salentinerandernach.de\/wp\/wp-json\/wp\/v2\/pages\/87\/revisions"}],"predecessor-version":[{"id":728,"href":"https:\/\/salentinerandernach.de\/wp\/wp-json\/wp\/v2\/pages\/87\/revisions\/728"}],"wp:attachment":[{"href":"https:\/\/salentinerandernach.de\/wp\/wp-json\/wp\/v2\/media?parent=87"}],"curies":[{"name":"wp","href":"https:\/\/api.w.org\/{rel}","templated":true}]}}