{"id":246,"date":"2019-04-12T10:34:42","date_gmt":"2019-04-12T08:34:42","guid":{"rendered":"http:\/\/salentinerandernach.de\/wp\/?page_id=246"},"modified":"2019-05-25T17:08:08","modified_gmt":"2019-05-25T15:08:08","slug":"herzlich-willkommen","status":"publish","type":"page","link":"https:\/\/salentinerandernach.de\/wp\/","title":{"rendered":"Herzlich willkommen"},"content":{"rendered":"\n<figure class=\"wp-block-image\"><img loading=\"lazy\" decoding=\"async\" width=\"960\" height=\"180\" src=\"http:\/\/salentinerandernach.de\/wp\/wp-content\/uploads\/2018\/12\/salkopf.jpg\" alt=\"\" class=\"wp-image-17\" srcset=\"https:\/\/salentinerandernach.de\/wp\/wp-content\/uploads\/2018\/12\/salkopf.jpg 960w, https:\/\/salentinerandernach.de\/wp\/wp-content\/uploads\/2018\/12\/salkopf-300x56.jpg 300w, https:\/\/salentinerandernach.de\/wp\/wp-content\/uploads\/2018\/12\/salkopf-768x144.jpg 768w\" sizes=\"auto, (max-width: 960px) 100vw, 960px\" \/><\/figure>\n\n\n\n<p class=\"has-medium-font-size\">Unsere Vereinigung m\u00f6chte es allen ehemaligen und aktuellen Sch\u00fclerinnen und Sch\u00fclern, deren Eltern sowie den fr\u00fcheren und noch amtierenden Lehrkr\u00e4ften des Kurf\u00fcrst-Salentin-Gymnasiums Andernach erm\u00f6glichen, eine &#8211; wenn auch zun\u00e4chst nur lockere &#8211; Verbindung zu unserer Schule aufrechtzuerhalten.&nbsp;<\/p>\n\n\n\n<p class=\"has-medium-font-size\">Satzungsgem\u00e4\u00df unterst\u00fctzen wir ideell und finanziell die Schule bei der Verwirklichung ihrer vielf\u00e4ltigen p\u00e4dagogischen Aufgaben, u.a. durch Unterst\u00fctzung bei der Anschaffung von Lehr- und Anschauungsmaterial, durch Zusch\u00fcsse zu Gemeinschaftsprojekten (Klassen- und Studienfahrten) sowie Bereitstellung von Stipendien und Buchpreisen f\u00fcr besondere Sch\u00fclerleistungen. Au\u00dferdem organisieren wir im Rahmen des Salentiner-Forums regelm\u00e4\u00dfig Vortr\u00e4ge zu vorwiegend wissenschaftlichen Themen.<\/p>\n\n\n\n<figure class=\"wp-block-image is-resized\"><a href=\"http:\/\/salentinerandernach.de\/wp\/wp-content\/uploads\/2019\/05\/2018-12-11_Salentiner_Flyer-01.pdf\"><img loading=\"lazy\" decoding=\"async\" src=\"http:\/\/salentinerandernach.de\/wp\/wp-content\/uploads\/2019\/05\/20190525-Flyer-01.jpg\" alt=\"\" class=\"wp-image-359\" width=\"573\" height=\"407\" srcset=\"https:\/\/salentinerandernach.de\/wp\/wp-content\/uploads\/2019\/05\/20190525-Flyer-01.jpg 500w, https:\/\/salentinerandernach.de\/wp\/wp-content\/uploads\/2019\/05\/20190525-Flyer-01-300x213.jpg 300w\" sizes=\"auto, (max-width: 573px) 100vw, 573px\" \/><\/a><\/figure>\n\n\n\n<p class=\"has-medium-font-size\">Mit der Herausgabe eines Jahrbuchs dokumentieren wir die schulische Arbeit sowie besondere Ereignisse am KSG in Vergangenheit und Gegenwart.<\/p>\n\n\n\n<p class=\"has-medium-font-size\">Gerne sind wir auch mit Hilfe unserer Adressenkartei bei der Organisation von Kurs- und Jahrgangstreffen behilflich und bieten auf Wunsch auch F\u00fchrungen durch das Schulgeb\u00e4ude an.<\/p>\n\n\n\n<figure class=\"wp-block-image is-resized\"><a href=\"http:\/\/salentinerandernach.de\/wp\/wp-content\/uploads\/2019\/05\/2018-12-11_Salentiner_Flyer-02.pdf\"><img loading=\"lazy\" decoding=\"async\" src=\"http:\/\/salentinerandernach.de\/wp\/wp-content\/uploads\/2019\/05\/20190525-Flyer-02.jpg\" alt=\"\" class=\"wp-image-361\" width=\"573\" height=\"410\"\/><\/a><\/figure>\n\n\n\n<p class=\"has-medium-font-size\">Mit einer Mitgliedschaft besteht die M\u00f6glichkeit, die Verbundenheit mit dem KSG zu bekunden und mit dem Mitgliedsbeitrag mit in die Schule hineinzuwirken. Die Vereinigung DIE SALENTINER w\u00fcrde sich freuen, wenn sie m\u00f6glichst viele neue Mitglieder willkommen hei\u00dfen d\u00fcrfte. <a href=\"http:\/\/salentinerandernach.de\/wp\/satzung-beitritt\/\">Ein Anmeldeformular findet sich an anderer Stelle auf unserer Homepage. <\/a><\/p>\n","protected":false},"excerpt":{"rendered":"<p>Unsere Vereinigung m\u00f6chte es allen ehemaligen und aktuellen Sch\u00fclerinnen und Sch\u00fclern, deren Eltern sowie den fr\u00fcheren und noch amtierenden Lehrkr\u00e4ften des Kurf\u00fcrst-Salentin-Gymnasiums Andernach erm\u00f6glichen, eine &#8211; wenn auch zun\u00e4chst nur lockere &#8211; Verbindung zu unserer Schule aufrechtzuerhalten.&nbsp; Satzungsgem\u00e4\u00df unterst\u00fctzen wir<\/p>\n","protected":false},"author":1,"featured_media":0,"parent":0,"menu_order":0,"comment_status":"closed","ping_status":"closed","template":"","meta":{"footnotes":""},"class_list":["post-246","page","type-page","status-publish","hentry"],"_links":{"self":[{"href":"https:\/\/salentinerandernach.de\/wp\/wp-json\/wp\/v2\/pages\/246","targetHints":{"allow":["GET"]}}],"collection":[{"href":"https:\/\/salentinerandernach.de\/wp\/wp-json\/wp\/v2\/pages"}],"about":[{"href":"https:\/\/salentinerandernach.de\/wp\/wp-json\/wp\/v2\/types\/page"}],"author":[{"embeddable":true,"href":"https:\/\/salentinerandernach.de\/wp\/wp-json\/wp\/v2\/users\/1"}],"replies":[{"embeddable":true,"href":"https:\/\/salentinerandernach.de\/wp\/wp-json\/wp\/v2\/comments?post=246"}],"version-history":[{"count":6,"href":"https:\/\/salentinerandernach.de\/wp\/wp-json\/wp\/v2\/pages\/246\/revisions"}],"predecessor-version":[{"id":368,"href":"https:\/\/salentinerandernach.de\/wp\/wp-json\/wp\/v2\/pages\/246\/revisions\/368"}],"wp:attachment":[{"href":"https:\/\/salentinerandernach.de\/wp\/wp-json\/wp\/v2\/media?parent=246"}],"curies":[{"name":"wp","href":"https:\/\/api.w.org\/{rel}","templated":true}]}}